{"id":14,"date":"2015-12-04T06:34:50","date_gmt":"2015-12-04T05:34:50","guid":{"rendered":"http:\/\/veroniquepirlot.com\/?page_id=14"},"modified":"2018-10-03T22:34:03","modified_gmt":"2018-10-03T21:34:03","slug":"expositions","status":"publish","type":"page","link":"https:\/\/veroniquepirlot.com\/index.php\/expositions\/","title":{"rendered":"expositions"},"content":{"rendered":"<h1><img loading=\"lazy\" decoding=\"async\" class=\"alignnone size-full wp-image-320\" src=\"https:\/\/veroniquepirlot.com\/wp-content\/uploads\/2015\/12\/expositions.jpg\" alt=\"expositions\" width=\"1200\" height=\"400\" srcset=\"https:\/\/veroniquepirlot.com\/wp-content\/uploads\/2015\/12\/expositions.jpg 1200w, https:\/\/veroniquepirlot.com\/wp-content\/uploads\/2015\/12\/expositions-300x100.jpg 300w, https:\/\/veroniquepirlot.com\/wp-content\/uploads\/2015\/12\/expositions-1024x341.jpg 1024w\" sizes=\"auto, (max-width: 1200px) 100vw, 1200px\" \/><\/h1>\n<h4 style=\"padding-left: 60px;\"><span style=\"color: #999999;\"><strong>ACTUALIT\u00c9S<\/strong><\/span><\/h4>\n<p style=\"padding-left: 60px;\"><a href=\"https:\/\/veroniquepirlot.com\/wp-content\/uploads\/2015\/12\/galerie_-Douarnenez_ext2.jpg\"><img loading=\"lazy\" decoding=\"async\" class=\"alignnone wp-image-448 size-full\" src=\"https:\/\/veroniquepirlot.com\/wp-content\/uploads\/2015\/12\/galerie_-Douarnenez_ext2.jpg\" alt=\"\" width=\"850\" height=\"541\" srcset=\"https:\/\/veroniquepirlot.com\/wp-content\/uploads\/2015\/12\/galerie_-Douarnenez_ext2.jpg 850w, https:\/\/veroniquepirlot.com\/wp-content\/uploads\/2015\/12\/galerie_-Douarnenez_ext2-300x191.jpg 300w\" sizes=\"auto, (max-width: 850px) 100vw, 850px\" \/><\/a><\/p>\n<p style=\"padding-left: 60px;\"><a href=\"https:\/\/veroniquepirlot.com\/wp-content\/uploads\/2015\/12\/galerie_-Douarnenez_int2.jpg\"><img loading=\"lazy\" decoding=\"async\" class=\"alignnone wp-image-450 size-full\" src=\"https:\/\/veroniquepirlot.com\/wp-content\/uploads\/2015\/12\/galerie_-Douarnenez_int2.jpg\" alt=\"\" width=\"438\" height=\"541\" srcset=\"https:\/\/veroniquepirlot.com\/wp-content\/uploads\/2015\/12\/galerie_-Douarnenez_int2.jpg 438w, https:\/\/veroniquepirlot.com\/wp-content\/uploads\/2015\/12\/galerie_-Douarnenez_int2-243x300.jpg 243w\" sizes=\"auto, (max-width: 438px) 100vw, 438px\" \/><\/a><\/p>\n<p style=\"padding-left: 60px;\">Exposition l\u2019\u00e9t\u00e9 \u00e0 le galerie V. Pirlot<br \/>\n3 rue Voltaire 29100 Douarnenez<\/p>\n<p style=\"padding-left: 60px;\">&#8212;<\/p>\n<p style=\"padding-left: 60px;\"><img loading=\"lazy\" decoding=\"async\" class=\"alignnone size-full wp-image-413\" src=\"https:\/\/veroniquepirlot.com\/wp-content\/uploads\/2015\/12\/invitation_galerie_VPirlot.jpg\" alt=\"invitation_galerie_VPirlot\" width=\"850\" height=\"641\" srcset=\"https:\/\/veroniquepirlot.com\/wp-content\/uploads\/2015\/12\/invitation_galerie_VPirlot.jpg 850w, https:\/\/veroniquepirlot.com\/wp-content\/uploads\/2015\/12\/invitation_galerie_VPirlot-300x226.jpg 300w\" sizes=\"auto, (max-width: 850px) 100vw, 850px\" \/><\/p>\n<p style=\"padding-left: 60px;\"><strong>Ouverture d\u2019une Galerie<br \/>\n<\/strong><strong>Le 8 juillet 2017 \u00e0 partir de 18h<\/strong><\/p>\n<p style=\"padding-left: 60px;\">Tout l\u2019\u00e9t\u00e9 du lundi au samedi<br \/>\nde 10h30 \u00e0 12h30\/15h \u00e0 19h<\/p>\n<p style=\"padding-left: 60px;\">Galerie V\u00e9ronique Pirlot<br \/>\n3 rue Voltaire 29100 Douarnenez<br \/>\n06 30 70 92 01<\/p>\n<p style=\"padding-left: 60px;\">&#8212;<\/p>\n<p style=\"padding-left: 60px;\"><img loading=\"lazy\" decoding=\"async\" class=\"alignnone size-full wp-image-371\" src=\"https:\/\/veroniquepirlot.com\/wp-content\/uploads\/2015\/12\/art3f_2015.jpg\" alt=\"art3f_2015\" width=\"453\" height=\"448\" srcset=\"https:\/\/veroniquepirlot.com\/wp-content\/uploads\/2015\/12\/art3f_2015.jpg 453w, https:\/\/veroniquepirlot.com\/wp-content\/uploads\/2015\/12\/art3f_2015-300x297.jpg 300w, https:\/\/veroniquepirlot.com\/wp-content\/uploads\/2015\/12\/art3f_2015-60x60.jpg 60w\" sizes=\"auto, (max-width: 453px) 100vw, 453px\" \/><\/p>\n<p style=\"padding-left: 60px;\"><strong>Salon art3f Paris<br \/>\n<\/strong>Le Club des Ateliers d\u2019artistes, espace de vente et de d\u00e9couverte de l\u2019art d\u2019aujourd\u2019hui<strong><br \/>\ndu <strong>3 au 6 septembre 2015<\/strong><\/strong><br \/>\nStand n\u00b0 F 06<\/p>\n<p style=\"padding-left: 60px;\">&#8212;<\/p>\n<p style=\"padding-left: 60px;\"><img loading=\"lazy\" decoding=\"async\" class=\"alignnone size-full wp-image-363\" src=\"https:\/\/veroniquepirlot.com\/wp-content\/uploads\/2015\/12\/scraffito2015.jpg\" alt=\"scraffito2015\" width=\"550\" height=\"614\" srcset=\"https:\/\/veroniquepirlot.com\/wp-content\/uploads\/2015\/12\/scraffito2015.jpg 550w, https:\/\/veroniquepirlot.com\/wp-content\/uploads\/2015\/12\/scraffito2015-269x300.jpg 269w\" sizes=\"auto, (max-width: 550px) 100vw, 550px\" \/><\/p>\n<p style=\"padding-left: 60px;\"><strong>De 2011 \u00e0 2015 mois de juin : Atelier priv\u00e9 de V\u00e9ronique Pirlot<\/strong><\/p>\n<p style=\"padding-left: 60px;\">&#8212;<\/p>\n<p style=\"padding-left: 60px;\"><img loading=\"lazy\" decoding=\"async\" class=\"alignnone size-full wp-image-380\" src=\"https:\/\/veroniquepirlot.com\/wp-content\/uploads\/2015\/12\/flyer2016_mail_horiz_750.jpg\" alt=\"flyer2016_mail_horiz_750\" width=\"750\" height=\"327\" srcset=\"https:\/\/veroniquepirlot.com\/wp-content\/uploads\/2015\/12\/flyer2016_mail_horiz_750.jpg 750w, https:\/\/veroniquepirlot.com\/wp-content\/uploads\/2015\/12\/flyer2016_mail_horiz_750-300x131.jpg 300w\" sizes=\"auto, (max-width: 750px) 100vw, 750px\" \/><\/p>\n<p style=\"padding-left: 60px;\"><strong>Rencontres avec tableaux et sculptures 2016<\/strong><br \/>\nJeudi 26, vendredi 27, samedi 28 et dimanche 29 mai<br \/>\nde 14h \u00e0 20h<\/p>\n<p style=\"padding-left: 60px;\"><strong>Vernissage jeudi 26 mai \u00e0 18h<\/strong><\/p>\n<p style=\"padding-left: 60px;\">t\u00e9l 06 30 70 92 01<br \/>\n37 rue de F\u00e9camp 75012 Paris<br \/>\nCode 0827 &#8211; 2e cour droite<br \/>\nM\u00e9tro Michel Bizot\/Bus 46<\/p>\n<hr style=\"padding-left: 60px;\" \/>\n<h4 style=\"padding-left: 60px;\"><span style=\"color: #999999;\"><strong><br \/>\nEXPOSITIONS PASS\u00c9ES<br \/>\n<\/strong><\/span><\/h4>\n<p style=\"padding-left: 60px;\"><strong>Exposition de peintures :<\/strong><br \/>\nDimanche 28 Juin 2009 &#8211; \u00ab\u00a0Art en Balade, Edition n\u00b02\u00a0\u00bb<br \/>\nDimanche 29 Juin 2008 &#8211; \u00ab\u00a0Art en Balade\u00a0\u00bb<\/p>\n<p style=\"padding-left: 60px;\"><strong>Expositions de sculptures :<\/strong><br \/>\nD\u00e9cembre 2010 &#8211; Portes ouvertes du XXi\u00e8me<br \/>\nF\u00e9vrier \u00e0 Avril 2006 \u2013 Maison des contes et des histoires : Paroles d\u2019animaux<br \/>\nD\u00e9cembre 2005 \u2013 Atelier de Victor Grillo<br \/>\nMai 2004 \u2013 March\u00e9 d\u2019Art contemporain<\/p>\n<p style=\"padding-left: 60px;\"><strong>Expositions de peintures et sculptures :<\/strong><br \/>\nD\u00e9cembre 2010 &#8211; Atelier priv\u00e9 de V\u00e9ronique Pirlot<br \/>\nMai-Juin 2009 &#8211; Exposition \u00e0 L&rsquo;acquolina in bocca<br \/>\nMars-Avril 2009 &#8211; Exposition \u00e0 l&rsquo;Helicon caf\u00e9, caf\u00e9 culturel<br \/>\nD\u00e9cembre 2008 &#8211; Atelier priv\u00e9 de V\u00e9ronique Pirlot<br \/>\nD\u00e9cembre 2007 \u2013 Atelier priv\u00e9 de V\u00e9ronique Pirlot<\/p>\n<p style=\"padding-left: 60px;\"><strong>Ev\u00e8nements :<\/strong><br \/>\nSeptembre 2009 \u2013 La Parisienne, cr\u00e9ation du troph\u00e9e<\/p>\n","protected":false},"excerpt":{"rendered":"<p>ACTUALIT\u00c9S Exposition l\u2019\u00e9t\u00e9 \u00e0 le galerie V. Pirlot 3 rue Voltaire 29100 Douarnenez &#8212; Ouverture d\u2019une Galerie Le 8 juillet 2017 \u00e0 partir de 18h Tout l\u2019\u00e9t\u00e9 du lundi au samedi de 10h30 \u00e0 12h30\/15h \u00e0 19h Galerie V\u00e9ronique Pirlot 3 rue Voltaire 29100 Douarnenez 06 30 70 92 01&#8230;<\/p>\n","protected":false},"author":1,"featured_media":0,"parent":0,"menu_order":0,"comment_status":"closed","ping_status":"closed","template":"page_blank.php","meta":{"footnotes":""},"class_list":["post-14","page","type-page","status-publish","hentry"],"_links":{"self":[{"href":"https:\/\/veroniquepirlot.com\/index.php\/wp-json\/wp\/v2\/pages\/14","targetHints":{"allow":["GET"]}}],"collection":[{"href":"https:\/\/veroniquepirlot.com\/index.php\/wp-json\/wp\/v2\/pages"}],"about":[{"href":"https:\/\/veroniquepirlot.com\/index.php\/wp-json\/wp\/v2\/types\/page"}],"author":[{"embeddable":true,"href":"https:\/\/veroniquepirlot.com\/index.php\/wp-json\/wp\/v2\/users\/1"}],"replies":[{"embeddable":true,"href":"https:\/\/veroniquepirlot.com\/index.php\/wp-json\/wp\/v2\/comments?post=14"}],"version-history":[{"count":47,"href":"https:\/\/veroniquepirlot.com\/index.php\/wp-json\/wp\/v2\/pages\/14\/revisions"}],"predecessor-version":[{"id":469,"href":"https:\/\/veroniquepirlot.com\/index.php\/wp-json\/wp\/v2\/pages\/14\/revisions\/469"}],"wp:attachment":[{"href":"https:\/\/veroniquepirlot.com\/index.php\/wp-json\/wp\/v2\/media?parent=14"}],"curies":[{"name":"wp","href":"https:\/\/api.w.org\/{rel}","templated":true}]}}